{"id":8072,"date":"2025-06-15T01:33:34","date_gmt":"2025-06-14T23:33:34","guid":{"rendered":"https:\/\/www.abcpro-vs.com\/?page_id=8072"},"modified":"2026-03-06T14:46:53","modified_gmt":"2026-03-06T13:46:53","slug":"forensic-accounting-orsieres-valais","status":"publish","type":"page","link":"https:\/\/www.abcpro-vs.com\/en\/forensic-accounting-orsieres-valais\/","title":{"rendered":"Forensic Accounting"},"content":{"rendered":"<div data-elementor-type=\"wp-post\" data-elementor-id=\"8072\" class=\"elementor elementor-8072\" data-elementor-post-type=\"page\">\n\t\t\t\t<div class=\"elementor-element elementor-element-8ffea0f e-flex e-con-boxed e-con e-parent\" data-id=\"8ffea0f\" data-element_type=\"container\" data-e-type=\"container\" data-settings=\"{&quot;background_background&quot;:&quot;gradient&quot;}\">\n\t\t\t\t\t<div class=\"e-con-inner\">\n\t\t\t\t<div class=\"elementor-element elementor-element-20bc6e4 elementor-widget elementor-widget-heading\" data-id=\"20bc6e4\" data-element_type=\"widget\" data-e-type=\"widget\" data-widget_type=\"heading.default\">\n\t\t\t\t<div class=\"elementor-widget-container\">\n\t\t\t\t\t<h1 class=\"elementor-heading-title elementor-size-default\">Every number has a story. We reveal the truth.<\/h1>\t\t\t\t<\/div>\n\t\t\t\t<\/div>\n\t\t\t\t<div class=\"elementor-element elementor-element-2762a75 elementor-widget elementor-widget-text-editor\" data-id=\"2762a75\" data-element_type=\"widget\" data-e-type=\"widget\" data-widget_type=\"text-editor.default\">\n\t\t\t\t<div class=\"elementor-widget-container\">\n\t\t\t\t\t\t\t\t\t<p>Unlike a traditional audit (which verifies the overall compliance of accounts), forensic accounting is investigatively oriented. It seeks to understand specific facts and produce evidence that can be used in court.<\/p>\t\t\t\t\t\t\t\t<\/div>\n\t\t\t\t<\/div>\n\t\t\t\t<div class=\"elementor-element elementor-element-02c44de elementor-headline--style-highlight elementor-widget elementor-widget-animated-headline\" data-id=\"02c44de\" data-element_type=\"widget\" data-e-type=\"widget\" data-settings=\"{&quot;highlighted_text&quot;:&quot;D\\u00e9finition&quot;,&quot;headline_style&quot;:&quot;highlight&quot;,&quot;marker&quot;:&quot;circle&quot;,&quot;loop&quot;:&quot;yes&quot;,&quot;highlight_animation_duration&quot;:1200,&quot;highlight_iteration_delay&quot;:8000}\" data-widget_type=\"animated-headline.default\">\n\t\t\t\t<div class=\"elementor-widget-container\">\n\t\t\t\t\t\t\t<h1 class=\"elementor-headline\">\n\t\t\t\t<span class=\"elementor-headline-dynamic-wrapper elementor-headline-text-wrapper\">\n\t\t\t\t\t<span class=\"elementor-headline-dynamic-text elementor-headline-text-active\">D\u00e9finition<\/span>\n\t\t\t\t<\/span>\n\t\t\t\t<\/h1>\n\t\t\t\t\t\t<\/div>\n\t\t\t\t<\/div>\n\t\t\t\t<div class=\"elementor-element elementor-element-91f3b88 elementor-widget elementor-widget-text-editor\" data-id=\"91f3b88\" data-element_type=\"widget\" data-e-type=\"widget\" data-widget_type=\"text-editor.default\">\n\t\t\t\t<div class=\"elementor-widget-container\">\n\t\t\t\t\t\t\t\t\t<p>Forensic accounting involves the in-depth analysis of financial data to detect irregularities, reconstruct cash flows, identify accounting manipulations, or establish evidence usable in a legal context.<\/p><p>More specifically, \u201cfraud determination\u201d refers to the process of establishing whether fraud has occurred, how it was carried out, who is responsible, and what its financial impact is.<\/p>\t\t\t\t\t\t\t\t<\/div>\n\t\t\t\t<\/div>\n\t\t\t\t<div class=\"elementor-element elementor-element-deede91 elementor-headline--style-highlight elementor-widget elementor-widget-animated-headline\" data-id=\"deede91\" data-element_type=\"widget\" data-e-type=\"widget\" data-settings=\"{&quot;highlighted_text&quot;:&quot;Objectives&quot;,&quot;headline_style&quot;:&quot;highlight&quot;,&quot;marker&quot;:&quot;circle&quot;,&quot;loop&quot;:&quot;yes&quot;,&quot;highlight_animation_duration&quot;:1200,&quot;highlight_iteration_delay&quot;:8000}\" data-widget_type=\"animated-headline.default\">\n\t\t\t\t<div class=\"elementor-widget-container\">\n\t\t\t\t\t\t\t<h1 class=\"elementor-headline\">\n\t\t\t\t<span class=\"elementor-headline-dynamic-wrapper elementor-headline-text-wrapper\">\n\t\t\t\t\t<span class=\"elementor-headline-dynamic-text elementor-headline-text-active\">Objectives<\/span>\n\t\t\t\t<\/span>\n\t\t\t\t<\/h1>\n\t\t\t\t\t\t<\/div>\n\t\t\t\t<\/div>\n\t\t\t\t<div class=\"elementor-element elementor-element-212e555 elementor-widget elementor-widget-text-editor\" data-id=\"212e555\" data-element_type=\"widget\" data-e-type=\"widget\" data-widget_type=\"text-editor.default\">\n\t\t\t\t<div class=\"elementor-widget-container\">\n\t\t\t\t\t\t\t\t\t<p>Areas of Expertise:<\/p><p>\u2022 Forensic accounting &amp; financial investigations<br \/>\u2022 Detection of fraud, breach of trust, and embezzlement<br \/>\u2022 Analysis of complex financial flows<br \/>\u2022 Clear, factual, and actionable reports (for amicable or legal proceedings)<\/p><p>Approach:<br \/>Rigorous, independent, confidential, and evidence-driven, with a deep understanding of the economic and legal issues at stake.<\/p>\t\t\t\t\t\t\t\t<\/div>\n\t\t\t\t<\/div>\n\t\t\t\t<div class=\"elementor-element elementor-element-101dd06 elementor-headline--style-highlight elementor-widget elementor-widget-animated-headline\" data-id=\"101dd06\" data-element_type=\"widget\" data-e-type=\"widget\" data-settings=\"{&quot;highlighted_text&quot;:&quot;In what cases is it used?&quot;,&quot;headline_style&quot;:&quot;highlight&quot;,&quot;marker&quot;:&quot;circle&quot;,&quot;loop&quot;:&quot;yes&quot;,&quot;highlight_animation_duration&quot;:1200,&quot;highlight_iteration_delay&quot;:8000}\" data-widget_type=\"animated-headline.default\">\n\t\t\t\t<div class=\"elementor-widget-container\">\n\t\t\t\t\t\t\t<h1 class=\"elementor-headline\">\n\t\t\t\t<span class=\"elementor-headline-dynamic-wrapper elementor-headline-text-wrapper\">\n\t\t\t\t\t<span class=\"elementor-headline-dynamic-text elementor-headline-text-active\">In what cases is it used?<\/span>\n\t\t\t\t<\/span>\n\t\t\t\t<\/h1>\n\t\t\t\t\t\t<\/div>\n\t\t\t\t<\/div>\n\t\t\t\t<div class=\"elementor-element elementor-element-ea3b320 elementor-widget elementor-widget-text-editor\" data-id=\"ea3b320\" data-element_type=\"widget\" data-e-type=\"widget\" data-widget_type=\"text-editor.default\">\n\t\t\t\t<div class=\"elementor-widget-container\">\n\t\t\t\t\t\t\t\t\t<p>La Investigative accounting is often used in:<\/p><p>Suspected embezzlement by an employee or manager<\/p><p>Disputes between partners<\/p><p>Divorce proceedings with significant financial stakes<\/p><p>Commercial disputes<\/p><p>Suspicious bankruptcies<\/p><p>Internal audits following irregularities<\/p>\t\t\t\t\t\t\t\t<\/div>\n\t\t\t\t<\/div>\n\t\t\t\t\t<\/div>\n\t\t\t\t<\/div>\n\t\t<div class=\"elementor-element elementor-element-ba3822a elementor-hidden-desktop elementor-hidden-tablet elementor-hidden-mobile e-flex e-con-boxed e-con e-parent\" data-id=\"ba3822a\" data-element_type=\"container\" data-e-type=\"container\">\n\t\t\t\t\t<div class=\"e-con-inner\">\n\t\t\t\t<div class=\"elementor-element elementor-element-eceadba elementor-widget elementor-widget-text-editor\" data-id=\"eceadba\" data-element_type=\"widget\" data-e-type=\"widget\" data-widget_type=\"text-editor.default\">\n\t\t\t\t<div class=\"elementor-widget-container\">\n\t\t\t\t\t\t\t\t\t<p>Suivez-nous directement sur notre page <a href=\"https:\/\/facebook.com\/\">Facebook<\/a> !<\/p>\t\t\t\t\t\t\t\t<\/div>\n\t\t\t\t<\/div>\n\t\t\t\t\t<\/div>\n\t\t\t\t<\/div>\n\t\t\t\t<\/div>","protected":false},"excerpt":{"rendered":"<p>Every number has a story. We reveal the truth. Unlike a traditional audit (which verifies the overall compliance of accounts), forensic accounting is investigatively oriented. It seeks to understand specific facts and produce evidence that can be used in court. D\u00e9finition Forensic accounting involves the in-depth analysis of financial data to detect irregularities, reconstruct cash [&hellip;]<\/p>\n","protected":false},"author":21,"featured_media":8073,"parent":0,"menu_order":0,"comment_status":"closed","ping_status":"closed","template":"","meta":{"site-sidebar-layout":"no-sidebar","site-content-layout":"page-builder","ast-site-content-layout":"full-width-container","site-content-style":"unboxed","site-sidebar-style":"unboxed","ast-global-header-display":"","ast-banner-title-visibility":"","ast-main-header-display":"","ast-hfb-above-header-display":"","ast-hfb-below-header-display":"","ast-hfb-mobile-header-display":"","site-post-title":"disabled","ast-breadcrumbs-content":"","ast-featured-img":"disabled","footer-sml-layout":"","ast-disable-related-posts":"","theme-transparent-header-meta":"enabled","adv-header-id-meta":"","stick-header-meta":"","header-above-stick-meta":"","header-main-stick-meta":"","header-below-stick-meta":"","astra-migrate-meta-layouts":"set","ast-page-background-enabled":"default","ast-page-background-meta":{"desktop":{"background-color":"","background-image":"","background-repeat":"repeat","background-position":"center center","background-size":"auto","background-attachment":"scroll","background-type":"","background-media":"","overlay-type":"","overlay-color":"","overlay-opacity":"","overlay-gradient":""},"tablet":{"background-color":"","background-image":"","background-repeat":"repeat","background-position":"center center","background-size":"auto","background-attachment":"scroll","background-type":"","background-media":"","overlay-type":"","overlay-color":"","overlay-opacity":"","overlay-gradient":""},"mobile":{"background-color":"","background-image":"","background-repeat":"repeat","background-position":"center center","background-size":"auto","background-attachment":"scroll","background-type":"","background-media":"","overlay-type":"","overlay-color":"","overlay-opacity":"","overlay-gradient":""}},"ast-content-background-meta":{"desktop":{"background-color":"var(--ast-global-color-5)","background-image":"","background-repeat":"repeat","background-position":"center center","background-size":"auto","background-attachment":"scroll","background-type":"","background-media":"","overlay-type":"","overlay-color":"","overlay-opacity":"","overlay-gradient":""},"tablet":{"background-color":"var(--ast-global-color-5)","background-image":"","background-repeat":"repeat","background-position":"center center","background-size":"auto","background-attachment":"scroll","background-type":"","background-media":"","overlay-type":"","overlay-color":"","overlay-opacity":"","overlay-gradient":""},"mobile":{"background-color":"var(--ast-global-color-5)","background-image":"","background-repeat":"repeat","background-position":"center center","background-size":"auto","background-attachment":"scroll","background-type":"","background-media":"","overlay-type":"","overlay-color":"","overlay-opacity":"","overlay-gradient":""}},"footnotes":""},"class_list":["post-8072","page","type-page","status-publish","has-post-thumbnail","hentry"],"yoast_head":"<!-- This site is optimized with the Yoast SEO plugin v27.3 - https:\/\/yoast.com\/product\/yoast-seo-wordpress\/ -->\n<title>Gestion Entreprise \u00e0 Orsi\u00e8res * AB ConsultPro S\u00e0rl * en Valais *<\/title>\n<meta name=\"description\" content=\"Gestion Entreprise \u00e0 Orsi\u00e8res Anne Bardoux ABC ConsultPro et en Valais Conseil Aide Assistance Comptabilit\u00e9 Gestion Entreprise \u00e0 Orsi\u00e8res\" \/>\n<meta name=\"robots\" content=\"index, follow, max-snippet:-1, max-image-preview:large, max-video-preview:-1\" \/>\n<link rel=\"canonical\" href=\"https:\/\/www.abcpro-vs.com\/en\/forensic-accounting-orsieres-valais\/\" \/>\n<meta property=\"og:locale\" content=\"en_GB\" \/>\n<meta property=\"og:type\" content=\"article\" \/>\n<meta property=\"og:title\" content=\"Gestion Entreprise \u00e0 Orsi\u00e8res * AB ConsultPro S\u00e0rl * en Valais *\" \/>\n<meta property=\"og:description\" content=\"Gestion Entreprise \u00e0 Orsi\u00e8res Anne Bardoux ABC ConsultPro et en Valais Conseil Aide Assistance Comptabilit\u00e9 Gestion Entreprise \u00e0 Orsi\u00e8res\" \/>\n<meta property=\"og:url\" content=\"https:\/\/www.abcpro-vs.com\/en\/forensic-accounting-orsieres-valais\/\" \/>\n<meta property=\"og:site_name\" content=\"AB ConsultPro S\u00e0rl soci\u00e9t\u00e9 de conseil et de gestion\" \/>\n<meta property=\"article:modified_time\" content=\"2026-03-06T13:46:53+00:00\" \/>\n<meta property=\"og:image\" content=\"http:\/\/www.abcpro-vs.com\/wp-content\/uploads\/2025\/06\/Logo-AB-1.jpg\" \/>\n\t<meta property=\"og:image:width\" content=\"216\" \/>\n\t<meta property=\"og:image:height\" content=\"216\" \/>\n\t<meta property=\"og:image:type\" content=\"image\/jpeg\" \/>\n<meta name=\"twitter:card\" content=\"summary_large_image\" \/>\n<meta name=\"twitter:label1\" content=\"Estimated reading time\" \/>\n\t<meta name=\"twitter:data1\" content=\"1 minute\" \/>\n<script type=\"application\/ld+json\" class=\"yoast-schema-graph\">{\"@context\":\"https:\\\/\\\/schema.org\",\"@graph\":[{\"@type\":\"WebPage\",\"@id\":\"https:\\\/\\\/www.abcpro-vs.com\\\/en\\\/forensic-accounting-orsieres-valais\\\/\",\"url\":\"https:\\\/\\\/www.abcpro-vs.com\\\/en\\\/forensic-accounting-orsieres-valais\\\/\",\"name\":\"Gestion Entreprise \u00e0 Orsi\u00e8res * AB ConsultPro S\u00e0rl * en Valais *\",\"isPartOf\":{\"@id\":\"https:\\\/\\\/www.abcpro-vs.com\\\/en\\\/#website\"},\"primaryImageOfPage\":{\"@id\":\"https:\\\/\\\/www.abcpro-vs.com\\\/en\\\/forensic-accounting-orsieres-valais\\\/#primaryimage\"},\"image\":{\"@id\":\"https:\\\/\\\/www.abcpro-vs.com\\\/en\\\/forensic-accounting-orsieres-valais\\\/#primaryimage\"},\"thumbnailUrl\":\"https:\\\/\\\/www.abcpro-vs.com\\\/wp-content\\\/uploads\\\/2025\\\/06\\\/Logo-AB-1.jpg\",\"datePublished\":\"2025-06-14T23:33:34+00:00\",\"dateModified\":\"2026-03-06T13:46:53+00:00\",\"description\":\"Gestion Entreprise \u00e0 Orsi\u00e8res Anne Bardoux ABC ConsultPro et en Valais Conseil Aide Assistance Comptabilit\u00e9 Gestion Entreprise \u00e0 Orsi\u00e8res\",\"breadcrumb\":{\"@id\":\"https:\\\/\\\/www.abcpro-vs.com\\\/en\\\/forensic-accounting-orsieres-valais\\\/#breadcrumb\"},\"inLanguage\":\"en-GB\",\"potentialAction\":[{\"@type\":\"ReadAction\",\"target\":[\"https:\\\/\\\/www.abcpro-vs.com\\\/en\\\/forensic-accounting-orsieres-valais\\\/\"]}]},{\"@type\":\"ImageObject\",\"inLanguage\":\"en-GB\",\"@id\":\"https:\\\/\\\/www.abcpro-vs.com\\\/en\\\/forensic-accounting-orsieres-valais\\\/#primaryimage\",\"url\":\"https:\\\/\\\/www.abcpro-vs.com\\\/wp-content\\\/uploads\\\/2025\\\/06\\\/Logo-AB-1.jpg\",\"contentUrl\":\"https:\\\/\\\/www.abcpro-vs.com\\\/wp-content\\\/uploads\\\/2025\\\/06\\\/Logo-AB-1.jpg\",\"width\":216,\"height\":216},{\"@type\":\"BreadcrumbList\",\"@id\":\"https:\\\/\\\/www.abcpro-vs.com\\\/en\\\/forensic-accounting-orsieres-valais\\\/#breadcrumb\",\"itemListElement\":[{\"@type\":\"ListItem\",\"position\":1,\"name\":\"Accueil\",\"item\":\"https:\\\/\\\/www.abcpro-vs.com\\\/en\\\/\"},{\"@type\":\"ListItem\",\"position\":2,\"name\":\"Forensic Accounting\"}]},{\"@type\":\"WebSite\",\"@id\":\"https:\\\/\\\/www.abcpro-vs.com\\\/en\\\/#website\",\"url\":\"https:\\\/\\\/www.abcpro-vs.com\\\/en\\\/\",\"name\":\"AB ConsultPro S\u00e0rl soci\u00e9t\u00e9 de conseil et de gestion\",\"description\":\"\",\"publisher\":{\"@id\":\"https:\\\/\\\/www.abcpro-vs.com\\\/en\\\/#organization\"},\"potentialAction\":[{\"@type\":\"SearchAction\",\"target\":{\"@type\":\"EntryPoint\",\"urlTemplate\":\"https:\\\/\\\/www.abcpro-vs.com\\\/en\\\/?s={search_term_string}\"},\"query-input\":{\"@type\":\"PropertyValueSpecification\",\"valueRequired\":true,\"valueName\":\"search_term_string\"}}],\"inLanguage\":\"en-GB\"},{\"@type\":\"Organization\",\"@id\":\"https:\\\/\\\/www.abcpro-vs.com\\\/en\\\/#organization\",\"name\":\"AB ConsultPro S\u00e0rl soci\u00e9t\u00e9 de conseil et de gestion d&#039;entreprises\",\"url\":\"https:\\\/\\\/www.abcpro-vs.com\\\/en\\\/\",\"logo\":{\"@type\":\"ImageObject\",\"inLanguage\":\"en-GB\",\"@id\":\"https:\\\/\\\/www.abcpro-vs.com\\\/en\\\/#\\\/schema\\\/logo\\\/image\\\/\",\"url\":\"https:\\\/\\\/www.abcpro-vs.com\\\/wp-content\\\/uploads\\\/2025\\\/06\\\/Logo-AB-1.jpg\",\"contentUrl\":\"https:\\\/\\\/www.abcpro-vs.com\\\/wp-content\\\/uploads\\\/2025\\\/06\\\/Logo-AB-1.jpg\",\"width\":216,\"height\":216,\"caption\":\"AB ConsultPro S\u00e0rl soci\u00e9t\u00e9 de conseil et de gestion d&#039;entreprises\"},\"image\":{\"@id\":\"https:\\\/\\\/www.abcpro-vs.com\\\/en\\\/#\\\/schema\\\/logo\\\/image\\\/\"}}]}<\/script>\n<!-- \/ Yoast SEO plugin. -->","yoast_head_json":{"title":"Gestion Entreprise \u00e0 Orsi\u00e8res * AB ConsultPro S\u00e0rl * en Valais *","description":"Gestion Entreprise \u00e0 Orsi\u00e8res Anne Bardoux ABC ConsultPro et en Valais Conseil Aide Assistance Comptabilit\u00e9 Gestion Entreprise \u00e0 Orsi\u00e8res","robots":{"index":"index","follow":"follow","max-snippet":"max-snippet:-1","max-image-preview":"max-image-preview:large","max-video-preview":"max-video-preview:-1"},"canonical":"https:\/\/www.abcpro-vs.com\/en\/forensic-accounting-orsieres-valais\/","og_locale":"en_GB","og_type":"article","og_title":"Gestion Entreprise \u00e0 Orsi\u00e8res * AB ConsultPro S\u00e0rl * en Valais *","og_description":"Gestion Entreprise \u00e0 Orsi\u00e8res Anne Bardoux ABC ConsultPro et en Valais Conseil Aide Assistance Comptabilit\u00e9 Gestion Entreprise \u00e0 Orsi\u00e8res","og_url":"https:\/\/www.abcpro-vs.com\/en\/forensic-accounting-orsieres-valais\/","og_site_name":"AB ConsultPro S\u00e0rl soci\u00e9t\u00e9 de conseil et de gestion","article_modified_time":"2026-03-06T13:46:53+00:00","og_image":[{"width":216,"height":216,"url":"http:\/\/www.abcpro-vs.com\/wp-content\/uploads\/2025\/06\/Logo-AB-1.jpg","type":"image\/jpeg"}],"twitter_card":"summary_large_image","twitter_misc":{"Estimated reading time":"1 minute"},"schema":{"@context":"https:\/\/schema.org","@graph":[{"@type":"WebPage","@id":"https:\/\/www.abcpro-vs.com\/en\/forensic-accounting-orsieres-valais\/","url":"https:\/\/www.abcpro-vs.com\/en\/forensic-accounting-orsieres-valais\/","name":"Gestion Entreprise \u00e0 Orsi\u00e8res * AB ConsultPro S\u00e0rl * en Valais *","isPartOf":{"@id":"https:\/\/www.abcpro-vs.com\/en\/#website"},"primaryImageOfPage":{"@id":"https:\/\/www.abcpro-vs.com\/en\/forensic-accounting-orsieres-valais\/#primaryimage"},"image":{"@id":"https:\/\/www.abcpro-vs.com\/en\/forensic-accounting-orsieres-valais\/#primaryimage"},"thumbnailUrl":"https:\/\/www.abcpro-vs.com\/wp-content\/uploads\/2025\/06\/Logo-AB-1.jpg","datePublished":"2025-06-14T23:33:34+00:00","dateModified":"2026-03-06T13:46:53+00:00","description":"Gestion Entreprise \u00e0 Orsi\u00e8res Anne Bardoux ABC ConsultPro et en Valais Conseil Aide Assistance Comptabilit\u00e9 Gestion Entreprise \u00e0 Orsi\u00e8res","breadcrumb":{"@id":"https:\/\/www.abcpro-vs.com\/en\/forensic-accounting-orsieres-valais\/#breadcrumb"},"inLanguage":"en-GB","potentialAction":[{"@type":"ReadAction","target":["https:\/\/www.abcpro-vs.com\/en\/forensic-accounting-orsieres-valais\/"]}]},{"@type":"ImageObject","inLanguage":"en-GB","@id":"https:\/\/www.abcpro-vs.com\/en\/forensic-accounting-orsieres-valais\/#primaryimage","url":"https:\/\/www.abcpro-vs.com\/wp-content\/uploads\/2025\/06\/Logo-AB-1.jpg","contentUrl":"https:\/\/www.abcpro-vs.com\/wp-content\/uploads\/2025\/06\/Logo-AB-1.jpg","width":216,"height":216},{"@type":"BreadcrumbList","@id":"https:\/\/www.abcpro-vs.com\/en\/forensic-accounting-orsieres-valais\/#breadcrumb","itemListElement":[{"@type":"ListItem","position":1,"name":"Accueil","item":"https:\/\/www.abcpro-vs.com\/en\/"},{"@type":"ListItem","position":2,"name":"Forensic Accounting"}]},{"@type":"WebSite","@id":"https:\/\/www.abcpro-vs.com\/en\/#website","url":"https:\/\/www.abcpro-vs.com\/en\/","name":"AB ConsultPro S\u00e0rl soci\u00e9t\u00e9 de conseil et de gestion","description":"","publisher":{"@id":"https:\/\/www.abcpro-vs.com\/en\/#organization"},"potentialAction":[{"@type":"SearchAction","target":{"@type":"EntryPoint","urlTemplate":"https:\/\/www.abcpro-vs.com\/en\/?s={search_term_string}"},"query-input":{"@type":"PropertyValueSpecification","valueRequired":true,"valueName":"search_term_string"}}],"inLanguage":"en-GB"},{"@type":"Organization","@id":"https:\/\/www.abcpro-vs.com\/en\/#organization","name":"AB ConsultPro S\u00e0rl, a firm specialized in business consulting and management","url":"https:\/\/www.abcpro-vs.com\/en\/","logo":{"@type":"ImageObject","inLanguage":"en-GB","@id":"https:\/\/www.abcpro-vs.com\/en\/#\/schema\/logo\/image\/","url":"https:\/\/www.abcpro-vs.com\/wp-content\/uploads\/2025\/06\/Logo-AB-1.jpg","contentUrl":"https:\/\/www.abcpro-vs.com\/wp-content\/uploads\/2025\/06\/Logo-AB-1.jpg","width":216,"height":216,"caption":"AB ConsultPro S\u00e0rl soci\u00e9t\u00e9 de conseil et de gestion d&#039;entreprises"},"image":{"@id":"https:\/\/www.abcpro-vs.com\/en\/#\/schema\/logo\/image\/"}}]}},"_links":{"self":[{"href":"https:\/\/www.abcpro-vs.com\/en\/wp-json\/wp\/v2\/pages\/8072","targetHints":{"allow":["GET"]}}],"collection":[{"href":"https:\/\/www.abcpro-vs.com\/en\/wp-json\/wp\/v2\/pages"}],"about":[{"href":"https:\/\/www.abcpro-vs.com\/en\/wp-json\/wp\/v2\/types\/page"}],"author":[{"embeddable":true,"href":"https:\/\/www.abcpro-vs.com\/en\/wp-json\/wp\/v2\/users\/21"}],"replies":[{"embeddable":true,"href":"https:\/\/www.abcpro-vs.com\/en\/wp-json\/wp\/v2\/comments?post=8072"}],"version-history":[{"count":30,"href":"https:\/\/www.abcpro-vs.com\/en\/wp-json\/wp\/v2\/pages\/8072\/revisions"}],"predecessor-version":[{"id":10058,"href":"https:\/\/www.abcpro-vs.com\/en\/wp-json\/wp\/v2\/pages\/8072\/revisions\/10058"}],"wp:featuredmedia":[{"embeddable":true,"href":"https:\/\/www.abcpro-vs.com\/en\/wp-json\/wp\/v2\/media\/8073"}],"wp:attachment":[{"href":"https:\/\/www.abcpro-vs.com\/en\/wp-json\/wp\/v2\/media?parent=8072"}],"curies":[{"name":"wp","href":"https:\/\/api.w.org\/{rel}","templated":true}]}}